{"id":91,"date":"2024-05-03T20:40:34","date_gmt":"2024-05-03T18:40:34","guid":{"rendered":"https:\/\/test.drive12.es\/?page_id=91"},"modified":"2025-05-27T19:29:19","modified_gmt":"2025-05-27T17:29:19","slug":"register","status":"publish","type":"page","link":"https:\/\/www.enjoyaenaawards.com\/en\/register\/","title":{"rendered":"Reg\u00edstrate"},"content":{"rendered":"<div data-elementor-type=\"wp-page\" data-elementor-id=\"91\" class=\"elementor elementor-91\" data-elementor-post-type=\"page\">\n\t\t\t\t<div class=\"elementor-element elementor-element-1606996 e-flex e-con-boxed e-con e-parent\" data-id=\"1606996\" data-element_type=\"container\" data-e-type=\"container\" data-settings=\"{&quot;background_background&quot;:&quot;classic&quot;}\">\n\t\t\t\t\t<div class=\"e-con-inner\">\n\t\t<div class=\"elementor-element elementor-element-f1d2d98 e-con-full e-flex e-con e-child\" data-id=\"f1d2d98\" data-element_type=\"container\" data-e-type=\"container\">\n\t\t\t\t<div class=\"elementor-element elementor-element-e38ef1b elementor-widget elementor-widget-eael-login-register\" data-id=\"e38ef1b\" data-element_type=\"widget\" data-e-type=\"widget\" data-widget_type=\"eael-login-register.default\">\n\t\t\t\t<div class=\"elementor-widget-container\">\n\t\t\t\t\t        <div class=\"eael-login-registration-wrapper\"\n             data-is-ajax=\"yes\"\n             data-widget-id=\"e38ef1b\"\n             data-page-id=\"91\"\n             data-recaptcha-sitekey=\"\"\n\t\t\t data-recaptcha-sitekey-v3=\"\"\n\t\t\t data-login-recaptcha-version=\"v2\"\n\t\t\t data-register-recaptcha-version=\"v2\"\n\t\t\t data-lostpassword-recaptcha-version=\"v2\"\n             data-redirect-to=\"https:\/\/www.enjoyaenaawards.com\/area-personal\/\"\n             data-resetpassword-redirect-to=\"https:\/\/www.enjoyaenaawards.com\/en\/register\/\"\n        >\n\t\t\t            <section\n                    id=\"eael-lostpassword-form-wrapper\"\n                    class=\"eael-lr-d-none\"\n\t\t\t\t\tdata-recaptcha-theme=\"light\"\n                    data-recaptcha-size=\"normal\"\n                    >\n                <div class=\"eael-lostpassword-form-wrapper eael-lr-form-wrapper style-2\">\n\t\t\t\t\t\t\t\t\t\t<div class=\"lr-form-wrapper\">\n\t\t\t\t\t\t        <div class=\"lr-form-header header-left\">\n\t\t\t\n\t\t\t                <div class=\"form-dsc\">\n\t\t\t\t\t<h4>RESTABLECER CONTRASE\u00d1A<\/h4>                <\/div>\n\t\t\t        <\/div>\n\t\t\t\t\t\t\t\t\t\t\t\t\t\t<form class=\"eael-lostpassword-form eael-lr-form\" id=\"eael-lostpassword-form\" method=\"post\" action=\"\">\n\t\t\t\t\t\t\t\t\t\t\t\t\t\t<div class=\"eael-lr-form-group\">\n\t\t\t\t\t\t\t\t\t\t\t\t\t\t\t\t<input type=\"text\" name=\"eael-user-lostpassword\" id=\"eael-user-lostpassword\" class=\"eael-lr-form-control\" placeholder=\"INTRODUCE TU EMAIL\" required>\n\t\t\t\t\t\t\t\t\t\t\t\t\t\t\t<\/div>\n\n\t\t\t\t\t\t\t\n\t\t\t\t\t\t\t<div class=\"eael-lr-footer\">\n\t\t\t\t\t\t\t\t<button type=\"submit\" name=\"eael-lostpassword-submit\" id=\"eael-lostpassword-submit\" class=\"g-recaptcha eael-lr-btn eael-lr-btn-block\">RESET<\/button>\n\t\t\t\t\t\t\t\t\n\t\t\t\t\t\t\t<\/div>\n\t\t\t\t\t\t\t<div class=\"eael-form-validation-container\"><\/div><input type=\"hidden\" id=\"eael-lostpassword-nonce\" name=\"eael-lostpassword-nonce\" value=\"2cc86cf4e4\" \/><input type=\"hidden\" name=\"_wp_http_referer\" value=\"\/en\/wp-json\/wp\/v2\/pages\/91\" \/>        <input type=\"hidden\"\n               name=\"page_id\"\n               value=\"91\">\n\t\t<input type=\"hidden\"\n               name=\"page_id_for_popup\"\n               value=\"91\">\t   \n\t\t<input type=\"hidden\"\n               name=\"resetpassword_in_popup_selector\"\n               value=\"\">\n        <input type=\"hidden\"\n               name=\"widget_id\"\n               value=\"e38ef1b\">\n\t\t\t\t\t\t\t\t<input type=\"hidden\" name=\"trp-form-language\" value=\"en\"\/><\/form>\n\t\t\t\t\t\t\t\t\t\t\t<\/div>\n\t\t\t\t\t                <\/div>\n\n            <\/section>\n\t\t\t        <\/div>\n\n\t\t\t\t\t\t<\/div>\n\t\t\t\t<\/div>\n\t\t\t\t<div class=\"elementor-element elementor-element-cee9cbb elementor-widget-divider--view-line elementor-widget elementor-widget-divider\" data-id=\"cee9cbb\" data-element_type=\"widget\" data-e-type=\"widget\" data-widget_type=\"divider.default\">\n\t\t\t\t<div class=\"elementor-widget-container\">\n\t\t\t\t\t\t\t<div class=\"elementor-divider\">\n\t\t\t<span class=\"elementor-divider-separator\">\n\t\t\t\t\t\t<\/span>\n\t\t<\/div>\n\t\t\t\t\t\t<\/div>\n\t\t\t\t<\/div>\n\t\t\t\t<div class=\"elementor-element elementor-element-90c5a79 elementor-align-justify elementor-widget elementor-widget-button\" data-id=\"90c5a79\" data-element_type=\"widget\" data-e-type=\"widget\" data-widget_type=\"button.default\">\n\t\t\t\t<div class=\"elementor-widget-container\">\n\t\t\t\t\t\t\t\t\t<div class=\"elementor-button-wrapper\">\n\t\t\t\t\t<a class=\"elementor-button elementor-button-link elementor-size-sm\" href=\"https:\/\/www.enjoyaenaawards.com\/en\/log-in\/\">\n\t\t\t\t\t\t<span class=\"elementor-button-content-wrapper\">\n\t\t\t\t\t\t\t\t\t<span class=\"elementor-button-text\">LOG IN<\/span>\n\t\t\t\t\t<\/span>\n\t\t\t\t\t<\/a>\n\t\t\t\t<\/div>\n\t\t\t\t\t\t\t\t<\/div>\n\t\t\t\t<\/div>\n\t\t\t\t<\/div>\n\t\t\t\t\t<\/div>\n\t\t\t\t<\/div>\n\t\t\t\t<\/div>","protected":false},"excerpt":{"rendered":"<p>INICIAR SESI\u00d3N Ya has iniciado sesi\u00f3n \u00c1REA PERSONAL<\/p>","protected":false},"author":3,"featured_media":0,"parent":0,"menu_order":0,"comment_status":"closed","ping_status":"closed","template":"elementor_header_footer","meta":{"rs_blank_template":"","rs_page_bg_color":"","slide_template_v7":"","footnotes":""},"class_list":["post-91","page","type-page","status-publish","hentry"],"_links":{"self":[{"href":"https:\/\/www.enjoyaenaawards.com\/en\/wp-json\/wp\/v2\/pages\/91","targetHints":{"allow":["GET"]}}],"collection":[{"href":"https:\/\/www.enjoyaenaawards.com\/en\/wp-json\/wp\/v2\/pages"}],"about":[{"href":"https:\/\/www.enjoyaenaawards.com\/en\/wp-json\/wp\/v2\/types\/page"}],"author":[{"embeddable":true,"href":"https:\/\/www.enjoyaenaawards.com\/en\/wp-json\/wp\/v2\/users\/3"}],"replies":[{"embeddable":true,"href":"https:\/\/www.enjoyaenaawards.com\/en\/wp-json\/wp\/v2\/comments?post=91"}],"version-history":[{"count":216,"href":"https:\/\/www.enjoyaenaawards.com\/en\/wp-json\/wp\/v2\/pages\/91\/revisions"}],"predecessor-version":[{"id":7006,"href":"https:\/\/www.enjoyaenaawards.com\/en\/wp-json\/wp\/v2\/pages\/91\/revisions\/7006"}],"wp:attachment":[{"href":"https:\/\/www.enjoyaenaawards.com\/en\/wp-json\/wp\/v2\/media?parent=91"}],"curies":[{"name":"wp","href":"https:\/\/api.w.org\/{rel}","templated":true}]}}