{"id":22,"date":"2024-05-03T19:34:08","date_gmt":"2024-05-03T17:34:08","guid":{"rendered":"https:\/\/test.drive12.es\/?page_id=22"},"modified":"2025-05-22T13:53:58","modified_gmt":"2025-05-22T11:53:58","slug":"privacy-policy","status":"publish","type":"page","link":"https:\/\/www.enjoyaenaawards.com\/en\/privacy-policy\/","title":{"rendered":"Privacy Policy"},"content":{"rendered":"<div data-elementor-type=\"wp-page\" data-elementor-id=\"22\" class=\"elementor elementor-22\" data-elementor-post-type=\"page\">\n\t\t\t\t<div class=\"elementor-element elementor-element-a364309 enlacesblancos e-flex e-con-boxed e-con e-parent\" data-id=\"a364309\" data-element_type=\"container\" data-e-type=\"container\">\n\t\t\t\t\t<div class=\"e-con-inner\">\n\t\t<div class=\"elementor-element elementor-element-8906e23 e-con-full e-flex e-con e-child\" data-id=\"8906e23\" data-element_type=\"container\" data-e-type=\"container\">\n\t\t\t\t<div class=\"elementor-element elementor-element-c18247d elementor-widget elementor-widget-heading\" data-id=\"c18247d\" data-element_type=\"widget\" data-e-type=\"widget\" data-widget_type=\"heading.default\">\n\t\t\t\t<div class=\"elementor-widget-container\">\n\t\t\t\t\t<h2 class=\"elementor-heading-title elementor-size-default\">Privacy Policy<\/h2>\t\t\t\t<\/div>\n\t\t\t\t<\/div>\n\t\t\t\t<\/div>\n\t\t<div class=\"elementor-element elementor-element-ca67150 e-flex e-con-boxed e-con e-child\" data-id=\"ca67150\" data-element_type=\"container\" data-e-type=\"container\">\n\t\t\t\t\t<div class=\"e-con-inner\">\n\t\t<div class=\"elementor-element elementor-element-eb3965c e-con-full enlacesblancos e-flex e-con e-child\" data-id=\"eb3965c\" data-element_type=\"container\" data-e-type=\"container\">\n\t\t\t\t<div class=\"elementor-element elementor-element-57ad79f elementor-widget elementor-widget-text-editor\" data-id=\"57ad79f\" data-element_type=\"widget\" data-e-type=\"widget\" data-widget_type=\"text-editor.default\">\n\t\t\t\t<div class=\"elementor-widget-container\">\n\t\t\t\t\t\t\t\t\t<p>De acuerdo con la normativa de Protecci\u00f3n de Datos Personales, concretamente, el Reglamento (UE) 2016\/679 del Parlamento Europeo y del Consejo de 27 de abril de 2016, y la Ley Org\u00e1nica 3\/2018, de 5 de diciembre, de Protecci\u00f3n de Datos Personales y garant\u00eda de derechos digitales, le informamos del tratamiento de sus datos:<\/p><h3><strong>\u00bfQui\u00e9n es el Responsable del Tratamiento?<\/strong><\/h3><p>Aena S.M.E., S.A.<br \/>Direcci\u00f3n: C\/Peon\u00edas, 12. 28042, Madrid.<br \/>C.I.F: A86212420<br \/>Registro Mercantil de Madrid, Tomo 28.806, Folio 211, Secci\u00f3n 8, Hoja M-518648.<br \/>Datos de contacto del Delegado de Protecci\u00f3n de Datos:\u00a0<a href=\"mailto:dpd@aena.es\">dpd@aena.es.<\/a><\/p><h3><strong>\u00bfQu\u00e9 datos vamos a tratar?<\/strong><\/h3><p>Los datos personales que vamos a tratar son los siguientes:<\/p><ul><li>Datos identificativos y de contacto: Nombre y apellidos, direcci\u00f3n de correo electr\u00f3nico (obligatorio)<\/li><li>Datos de la empresa: Raz\u00f3n Social, Marca Comercial, si ha realizado auditoria ESG (obligatorio)<\/li><li>Otros datos incluidos en la documentaci\u00f3n que adjunte para la participaci\u00f3n en los premios<br \/><br \/><\/li><\/ul><p>Al facilitar los datos de los terceros, la persona que los comunica manifiesta que est\u00e1 actuando en su representaci\u00f3n y que han sido informados del tratamiento de sus datos por parte Aena en calidad de responsable de tratamiento, oblig\u00e1ndose a trasladar los t\u00e9rminos de esta pol\u00edtica a los mismos.<\/p><p>\u00a0<\/p><h3><strong>\u00bfPara qu\u00e9 tratamos sus datos? \u00bfCon qu\u00e9 legitimaci\u00f3n los tratamos?<\/strong><\/h3><p>Los posibles datos personales que nos pueda facilitar ser\u00e1n tratados para la <strong>Finalidad Principal<\/strong>:<strong>\u00a0<\/strong>Gesti\u00f3n de su participaci\u00f3n a los premios Enjoy de Aena. Este tratamiento est\u00e1\u00a0<strong>basado en\u00a0la ejecuci\u00f3n del contrato<\/strong>\u00a0 en su condici\u00f3n de participante en estas convocatorias.<\/p><p>Debido a la funci\u00f3n de esta aplicaci\u00f3n, se indica que no se va a recoger datos de menores de 18 a\u00f1os.<\/p><h3><strong>\u00bfDurante cu\u00e1nto tiempo se van a conservar sus datos?<\/strong><\/h3><p>Sus datos ser\u00e1n conservados hasta la finalizaci\u00f3n de la convocatoria en la que participa y las responsabilidades que se pueden derivar.<\/p><p>Sin perjuicio de lo anterior, sus datos ser\u00e1n conservados debidamente bloqueados, mientras puedan derivarse responsabilidades de la ejecuci\u00f3n de nuestra relaci\u00f3n contractual o precontractual, as\u00ed como para el cumplimiento de otras obligaciones legales a cargo de Aena.<br \/>A este respecto, Aena garantiza que no tratar\u00e1 dichos datos salvo que sea necesario para la formulaci\u00f3n, ejercicio o defensa de reclamaciones o cuando \u00e9ste sea requerido para facilitar los mismos a la Administraci\u00f3n P\u00fablica, Jueces y Tribunales durante el periodo de prescripci\u00f3n de sus derechos u obligaciones legales.<br \/><br \/><\/p><h3><strong>\u00bfA qui\u00e9n se comunican sus datos?<\/strong><\/h3><p>\u00a0<\/p><p>No se prev\u00e9n comunicaciones a terceros, salvo los datos del ganador que ser\u00e1n publicados de acuerdo a las bases legales de esta convocatoria<\/p><p>Aena podr\u00e1 comunicar sus datos a terceras partes a las que est\u00e1 obligada a transmitir informaci\u00f3n, como autoridades p\u00fablicas, con la finalidad de dar cumplimiento con los requerimientos de dichas autoridades y la normativa aplicable, en su caso.<\/p><p><br \/>No se prev\u00e9 la realizaci\u00f3n de Transferencias Internacionales de Datos.<\/p><h3><strong>\u00bfA qu\u00e9 nos referimos con elaboraci\u00f3n de perfiles comerciales con base a sus intereses, as\u00ed como a ser objeto de las decisiones automatizadas sobre el perfil elaborado?<\/strong><\/h3><p>Aena no prev\u00e9 el tratamiento de sus datos para la elaboraci\u00f3n de perfiles.<br \/><br \/><\/p><h3><strong>\u00bfQu\u00e9 medidas de seguridad se garantizan sobre sus datos?<\/strong><\/h3><p>Aena SME, S.A., como responsable del tratamiento, adoptar\u00e1 las medidas, de \u00edndole t\u00e9cnica y organizativa, necesarias para garantizar la seguridad de los datos de car\u00e1cter personal que nos facilite, evitando su alteraci\u00f3n, p\u00e9rdida o tratamiento no autorizado.<\/p><h3><strong>\u00bfC\u00f3mo puede ejercitar sus derechos en materia de protecci\u00f3n de datos?<\/strong><\/h3><p>Cualquier interesado tiene derecho a obtener confirmaci\u00f3n sobre la existencia, o no, de un tratamiento de sus datos personales. Asimismo, el Reglamento General de Protecci\u00f3n de Datos, estipula como derechos del interesado:<\/p><ul><li>Acceder a sus datos<\/li><li>Solicitar la rectificaci\u00f3n o supresi\u00f3n de sus datos<\/li><li>Solicitar la limitaci\u00f3n del tratamiento de sus datos<\/li><li>A la portabilidad de sus datos<\/li><li>Oponerse al tratamiento de sus datos.<\/li><li>A no ser objeto de decisiones automatizada, incluida la elaboraci\u00f3n de perfiles<\/li><\/ul><p>\u00a0<\/p><p>Para el ejercicio de los derechos reconocidos, el interesado podr\u00e1 ponerse en contacto a trav\u00e9s de la siguiente direcci\u00f3n de correo electr\u00f3nico\u00a0<a href=\"mailto:ocpd@aena.es\">ocpd@aena.es<\/a>\u00a0o dirigiendo un escrito a Calle Peon\u00edas 12, 28042, Madrid, as\u00ed como a trav\u00e9s del Portal de Tr\u00e1mites y Reclamaciones de la web de Aena.<br \/><br \/>Para cualquier duda relacionada con Protecci\u00f3n de Datos, puede contactar con nuestro Delegado de Protecci\u00f3n de Datos mediante el correo electr\u00f3nico:\u00a0<a href=\"mailto:dpd@aena.es\">dpd@aena.es.<\/a>.<br \/><br \/>As\u00ed mismo, tiene derecho a presentar reclamaci\u00f3n ante la Agencia Espa\u00f1ola de Protecci\u00f3n de datos (AEPD \u2013\u00a0<a href=\"http:\/\/www.aepd.es\/\">www.agpd.es).<\/a>\u00a0)<\/p><h3><strong>Modificaci\u00f3n de la presente Pol\u00edtica de Privacidad<\/strong><\/h3><p>Aena SME, S.A se reserva el derecho a modificar su pol\u00edtica de privacidad, por lo que se recomienda su revisi\u00f3n peri\u00f3dica por el usuario.<br \/>\u00daltima modificaci\u00f3n: 07 de junio de 2024.<\/p><p>\u00a0<\/p><p>\u00a0<\/p>\t\t\t\t\t\t\t\t<\/div>\n\t\t\t\t<\/div>\n\t\t\t\t<\/div>\n\t\t\t\t\t<\/div>\n\t\t\t\t<\/div>\n\t\t\t\t\t<\/div>\n\t\t\t\t<\/div>\n\t\t\t\t<\/div>","protected":false},"excerpt":{"rendered":"<p>Pol\u00edtica de privacidad De acuerdo con la normativa de Protecci\u00f3n de Datos Personales, concretamente, el Reglamento (UE) 2016\/679 del Parlamento Europeo y del Consejo de 27 de abril de 2016, y la Ley Org\u00e1nica 3\/2018, de 5 de diciembre, de Protecci\u00f3n de Datos Personales y garant\u00eda de derechos digitales, le informamos del tratamiento de sus [&hellip;]<\/p>\n","protected":false},"author":3,"featured_media":0,"parent":0,"menu_order":0,"comment_status":"closed","ping_status":"closed","template":"","meta":{"rs_blank_template":"","rs_page_bg_color":"","slide_template_v7":"","footnotes":""},"class_list":["post-22","page","type-page","status-publish","hentry"],"_links":{"self":[{"href":"https:\/\/www.enjoyaenaawards.com\/en\/wp-json\/wp\/v2\/pages\/22","targetHints":{"allow":["GET"]}}],"collection":[{"href":"https:\/\/www.enjoyaenaawards.com\/en\/wp-json\/wp\/v2\/pages"}],"about":[{"href":"https:\/\/www.enjoyaenaawards.com\/en\/wp-json\/wp\/v2\/types\/page"}],"author":[{"embeddable":true,"href":"https:\/\/www.enjoyaenaawards.com\/en\/wp-json\/wp\/v2\/users\/3"}],"replies":[{"embeddable":true,"href":"https:\/\/www.enjoyaenaawards.com\/en\/wp-json\/wp\/v2\/comments?post=22"}],"version-history":[{"count":33,"href":"https:\/\/www.enjoyaenaawards.com\/en\/wp-json\/wp\/v2\/pages\/22\/revisions"}],"predecessor-version":[{"id":6476,"href":"https:\/\/www.enjoyaenaawards.com\/en\/wp-json\/wp\/v2\/pages\/22\/revisions\/6476"}],"wp:attachment":[{"href":"https:\/\/www.enjoyaenaawards.com\/en\/wp-json\/wp\/v2\/media?parent=22"}],"curies":[{"name":"wp","href":"https:\/\/api.w.org\/{rel}","templated":true}]}}